{"id":45,"date":"2024-10-15T12:38:33","date_gmt":"2024-10-15T12:38:33","guid":{"rendered":"https:\/\/nearestedge.pro\/?page_id=45"},"modified":"2025-05-21T09:34:28","modified_gmt":"2025-05-21T09:34:28","slug":"sobre-a-plataforma","status":"publish","type":"page","link":"https:\/\/nearestedge.pro\/pt\/about-the-platform\/","title":{"rendered":"Sobre a plataforma"},"content":{"rendered":"<div data-elementor-type=\"wp-page\" data-elementor-id=\"45\" class=\"elementor elementor-45\" data-elementor-post-type=\"page\">\n\t\t\t\t<div class=\"elementor-element elementor-element-af8bac5 e-flex e-con-boxed e-con e-parent\" data-id=\"af8bac5\" data-element_type=\"container\" data-e-type=\"container\">\n\t\t\t\t\t<div class=\"e-con-inner\">\n\t\t\t\t<div class=\"elementor-element elementor-element-16d988d elementor-widget elementor-widget-heading\" data-id=\"16d988d\" data-element_type=\"widget\" data-e-type=\"widget\" data-widget_type=\"heading.default\">\n\t\t\t\t\t<h1 class=\"elementor-heading-title elementor-size-default\">Sobre Nearest Edge<\/h1>\t\t\t\t<\/div>\n\t\t\t\t\t<\/div>\n\t\t\t\t<\/div>\n\t\t<div class=\"elementor-element elementor-element-65b5e0a e-flex e-con-boxed e-con e-parent\" data-id=\"65b5e0a\" data-element_type=\"container\" data-e-type=\"container\">\n\t\t\t\t\t<div class=\"e-con-inner\">\n\t\t<div class=\"elementor-element elementor-element-da16447 e-con-full e-flex e-con e-child\" data-id=\"da16447\" data-element_type=\"container\" data-e-type=\"container\">\n\t\t\t\t<div class=\"elementor-element elementor-element-9b30192 elementor-widget elementor-widget-image\" data-id=\"9b30192\" data-element_type=\"widget\" data-e-type=\"widget\" data-widget_type=\"image.default\">\n\t\t\t\t\t\t\t\t\t\t\t\t\t\t\t<img fetchpriority=\"high\" decoding=\"async\" width=\"800\" height=\"217\" src=\"https:\/\/nearestedge.pro\/wp-content\/uploads\/2025\/04\/Artboard-1214_11zon.webp\" class=\"attachment-large size-large wp-image-752\" alt=\"\" srcset=\"https:\/\/nearestedge.pro\/wp-content\/uploads\/2025\/04\/Artboard-1214_11zon.webp 912w, https:\/\/nearestedge.pro\/wp-content\/uploads\/2025\/04\/Artboard-1214_11zon-300x81.webp 300w, https:\/\/nearestedge.pro\/wp-content\/uploads\/2025\/04\/Artboard-1214_11zon-768x208.webp 768w, https:\/\/nearestedge.pro\/wp-content\/uploads\/2025\/04\/Artboard-1214_11zon-18x5.webp 18w\" sizes=\"(max-width: 800px) 100vw, 800px\" \/>\t\t\t\t\t\t\t\t\t\t\t\t\t\t\t<\/div>\n\t\t\t\t<\/div>\n\t\t<div class=\"elementor-element elementor-element-faea31b e-con-full e-flex e-con e-child\" data-id=\"faea31b\" data-element_type=\"container\" data-e-type=\"container\">\n\t\t<div class=\"elementor-element elementor-element-5c20393 e-con-full e-flex e-con e-child\" data-id=\"5c20393\" data-element_type=\"container\" data-e-type=\"container\">\n\t\t\t\t<div class=\"elementor-element elementor-element-65c95c6 elementor-widget elementor-widget-heading\" data-id=\"65c95c6\" data-element_type=\"widget\" data-e-type=\"widget\" data-widget_type=\"heading.default\">\n\t\t\t\t\t<h2 class=\"elementor-heading-title elementor-size-default\">O come\u00e7o de\u00a0<span style=\"color:#EB8624\">Borda mais pr\u00f3xima?<\/span><\/h2>\t\t\t\t<\/div>\n\t\t\t\t<div class=\"elementor-element elementor-element-ad9476e elementor-widget elementor-widget-text-editor\" data-id=\"ad9476e\" data-element_type=\"widget\" data-e-type=\"widget\" data-widget_type=\"text-editor.default\">\n\t\t\t\t\t\t\t\t\t<p>Na Nearest Edge, sempre nos vimos como inovadores no mercado de criptomoedas, e nossa equipe traz para voc\u00ea uma plataforma que faz as coisas de forma diferente de todas as outras.<\/p>\t\t\t\t\t\t\t\t<\/div>\n\t\t\t\t<\/div>\n\t\t<div class=\"elementor-element elementor-element-88338e7 e-con-full e-flex e-con e-child\" data-id=\"88338e7\" data-element_type=\"container\" data-e-type=\"container\">\n\t\t\t\t<div class=\"elementor-element elementor-element-71e8a9d elementor-widget elementor-widget-text-editor\" data-id=\"71e8a9d\" data-element_type=\"widget\" data-e-type=\"widget\" data-widget_type=\"text-editor.default\">\n\t\t\t\t\t\t\t\t\t<p>Come\u00e7amos a construir nossa plataforma quando vimos uma lacuna no mercado em que quer\u00edamos tornar a negocia\u00e7\u00e3o de criptomoedas acess\u00edvel a todos. Junto com o desenvolvimento do Nearest Edge, somos entusiastas obstinados de criptomoedas e acreditamos no valor da tecnologia blockchain. Um dia, ela realmente revolucionar\u00e1 o mundo, e esperamos contribuir para isso.<\/p><p>Depois de ver o mercado e como ele mudou, acreditamos que o futuro do trading de criptomoedas acontecer\u00e1 na internet. Estamos trabalhando duro para garantir que as criptomoedas cres\u00e7am e se tornem um valor para todos.<\/p>\t\t\t\t\t\t\t\t<\/div>\n\t\t\t\t<\/div>\n\t\t\t\t<\/div>\n\t\t\t\t\t<\/div>\n\t\t\t\t<\/div>\n\t\t<div class=\"elementor-element elementor-element-94ee0c0 e-flex e-con-boxed e-con e-parent\" data-id=\"94ee0c0\" data-element_type=\"container\" data-e-type=\"container\">\n\t\t\t\t\t<div class=\"e-con-inner\">\n\t\t<div class=\"elementor-element elementor-element-78479e9 e-con-full e-flex e-con e-child\" data-id=\"78479e9\" data-element_type=\"container\" data-e-type=\"container\" data-settings=\"{&quot;background_background&quot;:&quot;classic&quot;}\">\n\t\t<div class=\"elementor-element elementor-element-343ca3b e-con-full e-flex e-con e-child\" data-id=\"343ca3b\" data-element_type=\"container\" data-e-type=\"container\">\n\t\t\t\t<div class=\"elementor-element elementor-element-21c536d elementor-widget elementor-widget-heading\" data-id=\"21c536d\" data-element_type=\"widget\" data-e-type=\"widget\" data-widget_type=\"heading.default\">\n\t\t\t\t\t<h2 class=\"elementor-heading-title elementor-size-default\">O futuro parece brilhante<\/h2>\t\t\t\t<\/div>\n\t\t\t\t<div class=\"elementor-element elementor-element-c164cf1 elementor-widget elementor-widget-text-editor\" data-id=\"c164cf1\" data-element_type=\"widget\" data-e-type=\"widget\" data-widget_type=\"text-editor.default\">\n\t\t\t\t\t\t\t\t\t<p>Na Nearest Edge, chegamos a um ponto agora em que o futuro parece brilhante. Podemos dizer com orgulho que nosso trabalho duro valeu a pena, e estamos vendo muitas pessoas amando a plataforma que desenvolvemos. Nossa equipe mal pode esperar para ver o que vai acontecer a seguir.<\/p>\t\t\t\t\t\t\t\t<\/div>\n\t\t\t\t<div class=\"elementor-element elementor-element-3ba8b45 elementor-widget elementor-widget-text-editor\" data-id=\"3ba8b45\" data-element_type=\"widget\" data-e-type=\"widget\" data-widget_type=\"text-editor.default\">\n\t\t\t\t\t\t\t\t\t<div class=\"block__line\"><div class=\"block__body\"><p>Alguns dos nossos objetivos seriam expandir a educa\u00e7\u00e3o sobre criptomoedas para que as pessoas possam fazer neg\u00f3cios com melhor conhecimento. Isso \u00e9 especialmente verdadeiro para iniciantes, pois adorar\u00edamos ajud\u00e1-los a ter sucesso em criptomoedas.<\/p><p>Fazer com que as pessoas tenham conhecimento sobre seus investimentos \u00e9 um dos nossos objetivos com a plataforma. Queremos que as pessoas tenham sucesso, e fazemos isso educando-as sobre suas oportunidades com criptomoeda e como ela funciona. Enquanto educamos as pessoas, buscamos permanecer no topo do nosso setor.<\/p><p>O Bitcoin vem crescendo em popularidade no mundo todo, e adorar\u00edamos ser uma das empresas que est\u00e3o contribuindo para essa revolu\u00e7\u00e3o. Esperamos nos tornar a plataforma que todos buscam para assistir ao movimento e fazer negocia\u00e7\u00f5es lucrativas.<\/p><\/div><\/div>\t\t\t\t\t\t\t\t<\/div>\n\t\t\t\t<\/div>\n\t\t<div class=\"elementor-element elementor-element-791030c e-con-full e-flex e-con e-child\" data-id=\"791030c\" data-element_type=\"container\" data-e-type=\"container\">\n\t\t\t\t<div class=\"elementor-element elementor-element-f6a8816 elementor-widget elementor-widget-image\" data-id=\"f6a8816\" data-element_type=\"widget\" data-e-type=\"widget\" data-widget_type=\"image.default\">\n\t\t\t\t\t\t\t\t\t\t\t\t\t\t\t<img decoding=\"async\" width=\"800\" height=\"534\" src=\"https:\/\/nearestedge.pro\/wp-content\/uploads\/2025\/04\/img-4_11zon-1024x683.webp\" class=\"attachment-large size-large wp-image-753\" alt=\"\" srcset=\"https:\/\/nearestedge.pro\/wp-content\/uploads\/2025\/04\/img-4_11zon-1024x683.webp 1024w, https:\/\/nearestedge.pro\/wp-content\/uploads\/2025\/04\/img-4_11zon-300x200.webp 300w, https:\/\/nearestedge.pro\/wp-content\/uploads\/2025\/04\/img-4_11zon-768x512.webp 768w, https:\/\/nearestedge.pro\/wp-content\/uploads\/2025\/04\/img-4_11zon-18x12.webp 18w, https:\/\/nearestedge.pro\/wp-content\/uploads\/2025\/04\/img-4_11zon.webp 1536w\" sizes=\"(max-width: 800px) 100vw, 800px\" \/>\t\t\t\t\t\t\t\t\t\t\t\t\t\t\t<\/div>\n\t\t\t\t<\/div>\n\t\t\t\t<\/div>\n\t\t\t\t\t<\/div>\n\t\t\t\t<\/div>\n\t\t<div class=\"elementor-element elementor-element-109cb6a e-flex e-con-boxed e-con e-parent\" data-id=\"109cb6a\" data-element_type=\"container\" data-e-type=\"container\">\n\t\t\t\t\t<div class=\"e-con-inner\">\n\t\t\t\t<div class=\"elementor-element elementor-element-c3d807a elementor-widget elementor-widget-heading\" data-id=\"c3d807a\" data-element_type=\"widget\" data-e-type=\"widget\" data-widget_type=\"heading.default\">\n\t\t\t\t\t<h2 class=\"elementor-heading-title elementor-size-default\">Nearest Edge cumpre suas promessas<\/h2>\t\t\t\t<\/div>\n\t\t\t\t<div class=\"elementor-element elementor-element-719406c elementor-widget elementor-widget-text-editor\" data-id=\"719406c\" data-element_type=\"widget\" data-e-type=\"widget\" data-widget_type=\"text-editor.default\">\n\t\t\t\t\t\t\t\t\t<p>Na Nearest Edge, prometemos ser transparentes, fornecer dados precisos, ser pr\u00e1ticos e usar a nossa paix\u00e3o pelas criptomoedas para oferecer uma plataforma de negocia\u00e7\u00e3o incr\u00edvel.<\/p>\t\t\t\t\t\t\t\t<\/div>\n\t\t\t\t<div class=\"elementor-element elementor-element-227455e elementor-widget elementor-widget-text-editor\" data-id=\"227455e\" data-element_type=\"widget\" data-e-type=\"widget\" data-widget_type=\"text-editor.default\">\n\t\t\t\t\t\t\t\t\t<div class=\"block__line\"><div class=\"block__body\"><p>N\u00f3s nos diferenciamos porque nos esfor\u00e7amos para oferecer o melhor em negocia\u00e7\u00e3o de criptomoedas e buscamos promover um ambiente de apoio e inclus\u00e3o que ajuda voc\u00ea a continuar aprendendo sobre criptomoedas. Ao contr\u00e1rio de outras empresas que prometem demais e n\u00e3o cumprem suas promessas, a Nearest Edge define expectativas realistas, mas sempre tenta entregar mais do que o esperado em tudo o que faz.<\/p><\/div><\/div>\t\t\t\t\t\t\t\t<\/div>\n\t\t\t\t<div class=\"elementor-element elementor-element-8d868c0 elementor-align-center elementor-widget elementor-widget-button\" data-id=\"8d868c0\" data-element_type=\"widget\" data-e-type=\"widget\" data-widget_type=\"button.default\">\n\t\t\t\t\t\t\t\t\t\t<a class=\"elementor-button elementor-button-link elementor-size-sm\" href=\"https:\/\/nearestedge.pro\/pt\/contate-nos\/\">\n\t\t\t\t\t\t<span class=\"elementor-button-content-wrapper\">\n\t\t\t\t\t\t<span class=\"elementor-button-icon\">\n\t\t\t\t<svg aria-hidden=\"true\" class=\"e-font-icon-svg e-fas-arrow-up\" viewbox=\"0 0 448 512\" xmlns=\"http:\/\/www.w3.org\/2000\/svg\"><path d=\"M34.9 289.5l-22.2-22.2c-9.4-9.4-9.4-24.6 0-33.9L207 39c9.4-9.4 24.6-9.4 33.9 0l194.3 194.3c9.4 9.4 9.4 24.6 0 33.9L413 289.4c-9.5 9.5-25 9.3-34.3-.4L264 168.6V456c0 13.3-10.7 24-24 24h-32c-13.3 0-24-10.7-24-24V168.6L69.2 289.1c-9.3 9.8-24.8 10-34.3.4z\"><\/path><\/svg>\t\t\t<\/span>\n\t\t\t\t\t\t\t\t\t<span class=\"elementor-button-text\">Contate-nos <\/span>\n\t\t\t\t\t<\/span>\n\t\t\t\t\t<\/a>\n\t\t\t\t\t\t\t\t<\/div>\n\t\t\t\t<div class=\"elementor-element elementor-element-8a020a9 elementor-widget elementor-widget-spacer\" data-id=\"8a020a9\" data-element_type=\"widget\" data-e-type=\"widget\" data-widget_type=\"spacer.default\">\n\t\t\t\t\t\t\t<div class=\"elementor-spacer\">\n\t\t\t<div class=\"elementor-spacer-inner\"><\/div>\n\t\t<\/div>\n\t\t\t\t\t\t<\/div>\n\t\t\t\t\t<\/div>\n\t\t\t\t<\/div>\n\t\t\t\t<\/div>","protected":false},"excerpt":{"rendered":"<p>About Nearest Edge The Beginning of\u00a0Nearest Edge? At Nearest Edge, we\u2019ve always seen ourselves as innovators in the crypto market, and our team brings you a platform that does things differently from all the others. We first started building our platform when we saw a gap in the market where we wanted to make crypto [&hellip;]<\/p>\n","protected":false},"author":1,"featured_media":0,"parent":0,"menu_order":0,"comment_status":"closed","ping_status":"closed","template":"elementor_header_footer","meta":{"footnotes":""},"class_list":["post-45","page","type-page","status-publish","hentry"],"_links":{"self":[{"href":"https:\/\/nearestedge.pro\/pt\/wp-json\/wp\/v2\/pages\/45","targetHints":{"allow":["GET"]}}],"collection":[{"href":"https:\/\/nearestedge.pro\/pt\/wp-json\/wp\/v2\/pages"}],"about":[{"href":"https:\/\/nearestedge.pro\/pt\/wp-json\/wp\/v2\/types\/page"}],"author":[{"embeddable":true,"href":"https:\/\/nearestedge.pro\/pt\/wp-json\/wp\/v2\/users\/1"}],"replies":[{"embeddable":true,"href":"https:\/\/nearestedge.pro\/pt\/wp-json\/wp\/v2\/comments?post=45"}],"version-history":[{"count":73,"href":"https:\/\/nearestedge.pro\/pt\/wp-json\/wp\/v2\/pages\/45\/revisions"}],"predecessor-version":[{"id":777,"href":"https:\/\/nearestedge.pro\/pt\/wp-json\/wp\/v2\/pages\/45\/revisions\/777"}],"wp:attachment":[{"href":"https:\/\/nearestedge.pro\/pt\/wp-json\/wp\/v2\/media?parent=45"}],"curies":[{"name":"wp","href":"https:\/\/api.w.org\/{rel}","templated":true}]}}