{"id":46,"date":"2024-10-15T12:38:49","date_gmt":"2024-10-15T12:38:49","guid":{"rendered":"https:\/\/nearestedge.pro\/?page_id=46"},"modified":"2025-07-28T12:03:05","modified_gmt":"2025-07-28T12:03:05","slug":"contacta-con-nosotras","status":"publish","type":"page","link":"https:\/\/nearestedge.pro\/es\/contact-us\/","title":{"rendered":"Contacto"},"content":{"rendered":"<div data-elementor-type=\"wp-page\" data-elementor-id=\"46\" class=\"elementor elementor-46\" data-elementor-post-type=\"page\">\n\t\t\t\t<div class=\"elementor-element elementor-element-83cc7d9 e-flex e-con-boxed e-con e-parent\" data-id=\"83cc7d9\" data-element_type=\"container\" data-e-type=\"container\">\n\t\t\t\t\t<div class=\"e-con-inner\">\n\t\t<div class=\"elementor-element elementor-element-312582c e-con-full e-flex e-con e-child\" data-id=\"312582c\" data-element_type=\"container\" data-e-type=\"container\">\n\t\t<div class=\"elementor-element elementor-element-0fe194b e-con-full e-flex e-con e-child\" data-id=\"0fe194b\" data-element_type=\"container\" data-e-type=\"container\">\n\t\t\t\t<div class=\"elementor-element elementor-element-150ebce elementor-widget-mobile__width-initial elementor-widget elementor-widget-heading\" data-id=\"150ebce\" data-element_type=\"widget\" data-e-type=\"widget\" data-widget_type=\"heading.default\">\n\t\t\t\t\t<h1 class=\"elementor-heading-title elementor-size-default\">Ponte en contacto con nosotros\u00a0<span style=\"color:#EB8624\">Con nosotras<\/span> \n<\/h1>\t\t\t\t<\/div>\n\t\t<div class=\"elementor-element elementor-element-427b912 e-con-full elementor-hidden-mobile e-flex e-con e-child\" data-id=\"427b912\" data-element_type=\"container\" data-e-type=\"container\">\n\t\t\t\t<div class=\"elementor-element elementor-element-2a9d5bb elementor-widget elementor-widget-image\" data-id=\"2a9d5bb\" data-element_type=\"widget\" data-e-type=\"widget\" data-widget_type=\"image.default\">\n\t\t\t\t\t\t\t\t\t\t\t\t\t\t\t<img fetchpriority=\"high\" decoding=\"async\" width=\"500\" height=\"500\" src=\"https:\/\/nearestedge.pro\/wp-content\/uploads\/2024\/10\/Untitled-design.png\" class=\"attachment-large size-large wp-image-314\" alt=\"garrapata\" srcset=\"https:\/\/nearestedge.pro\/wp-content\/uploads\/2024\/10\/Untitled-design.png 500w, https:\/\/nearestedge.pro\/wp-content\/uploads\/2024\/10\/Untitled-design-300x300.png 300w, https:\/\/nearestedge.pro\/wp-content\/uploads\/2024\/10\/Untitled-design-150x150.png 150w\" sizes=\"(max-width: 500px) 100vw, 500px\" \/>\t\t\t\t\t\t\t\t\t\t\t\t\t\t\t<\/div>\n\t\t\t\t<\/div>\n\t\t\t\t<\/div>\n\t\t<div class=\"elementor-element elementor-element-a559a13 e-con-full elementor-hidden-mobile e-flex e-con e-child\" data-id=\"a559a13\" data-element_type=\"container\" data-e-type=\"container\">\n\t\t\t\t<\/div>\n\t\t\t\t<\/div>\n\t\t<div class=\"elementor-element elementor-element-190c0c6 e-con-full e-flex e-con e-child\" data-id=\"190c0c6\" data-element_type=\"container\" data-e-type=\"container\">\n\t\t<div class=\"elementor-element elementor-element-fdb38e0 e-con-full e-flex e-con e-child\" data-id=\"fdb38e0\" data-element_type=\"container\" data-e-type=\"container\">\n\t\t\t\t<div class=\"elementor-element elementor-element-26fbcd6 elementor-widget elementor-widget-text-editor\" data-id=\"26fbcd6\" data-element_type=\"widget\" data-e-type=\"widget\" data-widget_type=\"text-editor.default\">\n\t\t\t\t\t\t\t\t\t<p>Tu futuro en el trading de criptomonedas te espera. Reg\u00edstrate en Nearest Edge hoy mismo y vamos a darle forma juntos.<\/p><p>Estamos aqu\u00ed para brindarle amor y apoyo cuando lo necesite, las 24 horas del d\u00eda, los 5 d\u00edas de la semana, con atenci\u00f3n las 24 horas del d\u00eda. Simplemente haga clic en el bot\u00f3n a continuaci\u00f3n para recibir asistencia en vivo y nuestro equipo dedicado estar\u00e1 disponible para ofrecerle orientaci\u00f3n y asistencia.<\/p><div dir=\"auto\">\u00a0<\/div>\t\t\t\t\t\t\t\t<\/div>\n\t\t\t\t<div class=\"elementor-element elementor-element-23404a1 elementor-widget elementor-widget-button\" data-id=\"23404a1\" data-element_type=\"widget\" data-e-type=\"widget\" data-widget_type=\"button.default\">\n\t\t\t\t\t\t\t\t\t\t<a class=\"elementor-button elementor-button-link elementor-size-sm\" href=\"#replain-link\">\n\t\t\t\t\t\t<span class=\"elementor-button-content-wrapper\">\n\t\t\t\t\t\t<span class=\"elementor-button-icon\">\n\t\t\t\t<svg aria-hidden=\"true\" class=\"e-font-icon-svg e-fas-arrow-up\" viewbox=\"0 0 448 512\" xmlns=\"http:\/\/www.w3.org\/2000\/svg\"><path d=\"M34.9 289.5l-22.2-22.2c-9.4-9.4-9.4-24.6 0-33.9L207 39c9.4-9.4 24.6-9.4 33.9 0l194.3 194.3c9.4 9.4 9.4 24.6 0 33.9L413 289.4c-9.5 9.5-25 9.3-34.3-.4L264 168.6V456c0 13.3-10.7 24-24 24h-32c-13.3 0-24-10.7-24-24V168.6L69.2 289.1c-9.3 9.8-24.8 10-34.3.4z\"><\/path><\/svg>\t\t\t<\/span>\n\t\t\t\t\t\t\t\t\t<span class=\"elementor-button-text\">Haga clic aqu\u00ed para obtener asistencia en vivo<\/span>\n\t\t\t\t\t<\/span>\n\t\t\t\t\t<\/a>\n\t\t\t\t\t\t\t\t<\/div>\n\t\t\t\t<\/div>\n\t\t<div class=\"elementor-element elementor-element-7c58114 e-con-full e-flex e-con e-child\" data-id=\"7c58114\" data-element_type=\"container\" data-e-type=\"container\">\n\t\t\t\t<div class=\"elementor-element elementor-element-ee43116 elementor-widget elementor-widget-html\" data-id=\"ee43116\" data-element_type=\"widget\" data-e-type=\"widget\" data-widget_type=\"html.default\">\n\t\t\t\t\t<style>\n\t.form-wrapper-trade .formheading {\n\t\tfont-size: 28px;\n\t\tfont-weight: 600;\n\t}\n\n\t@media screen and (max-width: 768px) {\n\t\t.form-wrapper-trade .formheading {\n\t\t\tfont-size: 22px;\n\t\t\tfont-weight: 600;\n\t\t}\n\t}\n\t.form-wrapper-trade,\n\t#customFormWidget {\n\t\tfont-family: 'Poppins', sans-serif;\n\t}\n\t.form-wrapper-trade {\n\t\twidth: 100%;\n\t\tmax-width: 100%; \n\t\tbackground: #ffffff;\n\t\tmargin: 0 auto;\n\t\tpadding: 25px 30px;\n\t\tborder-radius: 10px;\n\t\tbox-shadow: 0 5px 15px rgba(0,0,0,0.1);\n        \/* margin-bottom: 30px !important; *\/\n\t}\n\t@media screen and (max-width: 991px) {\n\t\t.form-wrapper-trade {\n\t\t\twidth: 100% !important;\n\t\t\tmax-width: 100%;\n\t\t}\n\t}\n\n\t.form-label {\n\t\tdisplay: block;\n\t\tmargin-bottom: 5px;\n\t\tfont-weight: 500;\n\t\tcolor: #000000 !important;\n\t}\n\tbutton.form-control {\n\t\ttransition: all 0.3s ease;\n\t}\n<\/style>\n<div class=\"form-wrapper-trade\" style=\"max-width: 500px; margin: 0 auto;\">\n\t<div class=\"preloader\" id=\"preloader\"><div class=\"spinner\"><\/div><\/div>\n\n\t<p class=\"formheading form-label\">DESCUBRE OPORTUNIDADES COMERCIALES AHORA<\/p>\n\n\t<form id=\"customFormWidget\" autocomplete=\"off\" action=\"\">\n\t\t<div class=\"form-group\">\n\t\t\t<label for=\"firstName\" class=\"form-label\">Nombre de pila<\/label>\n\t\t\t<input id=\"firstName\" name=\"firstName\" type=\"text\" class=\"form-control\" required \/>\n\t\t<\/div>\n\n\t\t<div class=\"form-group\">\n\t\t\t<label for=\"lastName\" class=\"form-label\">Apellido<\/label>\n\t\t\t<input id=\"lastName\" name=\"lastName\" type=\"text\" class=\"form-control\" required \/>\n\t\t<\/div>\n\n\t\t<div class=\"form-group\">\n\t\t\t<label for=\"email\" class=\"form-label\">Correo electr\u00f3nico<\/label>\n\t\t\t<input id=\"email\" name=\"email\" type=\"email\" class=\"form-control\" required \/>\n\t\t<\/div>\n\n\t\t<div class=\"form-group\">\n\t\t\t<label for=\"phone\" class=\"form-label\">N\u00famero de tel\u00e9fono<\/label>\n\t\t\t<input id=\"phone\" name=\"phone\" type=\"tel\" class=\"form-control\" style=\"width:100%\" required \/>\n\t\t<\/div>\n\n\t\t<div class=\"form-group\">\n\t\t\t<button \n\t\t\t\t\ttype=\"submit\" \n\t\t\t\t\tclass=\"form-control\"\n\t\t\t\t\tstyle=\"background-color: #000000; \t\t\t\t\t\t   color: #ffffff; \t\t\t\t\t\t   border-radius: 50px;\">\n\t\t\t\tREG\u00cdSTRATE AHORA\t\t\t<\/button>\n\t\t<\/div>\n\n\t\t<div id=\"formErrorMessage\" class=\"form-message\"><\/div>\n\n\t\t<div class=\"fortp\">\n\t\t\t<p style=\"font-size: 15px;color: black;font-family: Poppins;text-align: center\">\r\n  Por favor, dedique un momento a revisar y aceptar nuestros t\u00e9rminos. \r\n  <a href=\"https:\/\/nearestedge.pro\/es\/politica-de-privacidad\/\" style=\"color: black;font-size: 17px;font-weight: bold\">pol\u00edtica de privacidad<\/a> \r\n  y \r\n  <a href=\"https:\/\/nearestedge.pro\/es\/terminos-y-condiciones\/\" style=\"color:black;font-size: 17px;font-weight: bold\">T\u00e9rminos y condiciones<\/a>.\r\n<\/p>\r\n\t\t<\/div>\n\t<input type=\"hidden\" name=\"trp-form-language\" value=\"es\"\/><\/form>\n<\/div>\n\t\t\t\t<\/div>\n\t\t\t\t<\/div>\n\t\t\t\t<\/div>\n\t\t<div class=\"elementor-element elementor-element-fb804a8 e-con-full elementor-hidden-mobile e-flex e-con e-child\" data-id=\"fb804a8\" data-element_type=\"container\" data-e-type=\"container\">\n\t\t<div class=\"elementor-element elementor-element-368457a e-con-full e-flex e-con e-child\" data-id=\"368457a\" data-element_type=\"container\" data-e-type=\"container\">\n\t\t\t\t<div class=\"elementor-element elementor-element-f2d7dcf elementor-widget elementor-widget-image\" data-id=\"f2d7dcf\" data-element_type=\"widget\" data-e-type=\"widget\" data-widget_type=\"image.default\">\n\t\t\t\t\t\t\t\t\t\t\t\t\t\t\t<img decoding=\"async\" width=\"800\" height=\"533\" src=\"https:\/\/nearestedge.pro\/wp-content\/uploads\/2025\/04\/9057357_11zon-1024x682.webp\" class=\"attachment-large size-large wp-image-757\" alt=\"\" srcset=\"https:\/\/nearestedge.pro\/wp-content\/uploads\/2025\/04\/9057357_11zon-1024x682.webp 1024w, https:\/\/nearestedge.pro\/wp-content\/uploads\/2025\/04\/9057357_11zon-300x200.webp 300w, https:\/\/nearestedge.pro\/wp-content\/uploads\/2025\/04\/9057357_11zon-768x511.webp 768w, https:\/\/nearestedge.pro\/wp-content\/uploads\/2025\/04\/9057357_11zon-18x12.webp 18w, https:\/\/nearestedge.pro\/wp-content\/uploads\/2025\/04\/9057357_11zon.webp 1280w\" sizes=\"(max-width: 800px) 100vw, 800px\" \/>\t\t\t\t\t\t\t\t\t\t\t\t\t\t\t<\/div>\n\t\t\t\t<\/div>\n\t\t<div class=\"elementor-element elementor-element-b66b92d e-con-full e-flex e-con e-child\" data-id=\"b66b92d\" data-element_type=\"container\" data-e-type=\"container\">\n\t\t\t\t<\/div>\n\t\t\t\t<\/div>\n\t\t\t\t\t<\/div>\n\t\t\t\t<\/div>\n\t\t\t\t<\/div>","protected":false},"excerpt":{"rendered":"<p>Get in touch\u00a0with us Your future in crypto trading awaits. Register with Nearest Edge today and let&#8217;s shape it together. We&#8217;re here to provide love and support whenever you need it\u201424\/5 with 24 hours of care each day. Simply click the button below for live support, and our dedicated team will be available to offer [&hellip;]<\/p>\n","protected":false},"author":1,"featured_media":0,"parent":0,"menu_order":0,"comment_status":"closed","ping_status":"closed","template":"elementor_header_footer","meta":{"footnotes":""},"class_list":["post-46","page","type-page","status-publish","hentry"],"_links":{"self":[{"href":"https:\/\/nearestedge.pro\/es\/wp-json\/wp\/v2\/pages\/46","targetHints":{"allow":["GET"]}}],"collection":[{"href":"https:\/\/nearestedge.pro\/es\/wp-json\/wp\/v2\/pages"}],"about":[{"href":"https:\/\/nearestedge.pro\/es\/wp-json\/wp\/v2\/types\/page"}],"author":[{"embeddable":true,"href":"https:\/\/nearestedge.pro\/es\/wp-json\/wp\/v2\/users\/1"}],"replies":[{"embeddable":true,"href":"https:\/\/nearestedge.pro\/es\/wp-json\/wp\/v2\/comments?post=46"}],"version-history":[{"count":116,"href":"https:\/\/nearestedge.pro\/es\/wp-json\/wp\/v2\/pages\/46\/revisions"}],"predecessor-version":[{"id":846,"href":"https:\/\/nearestedge.pro\/es\/wp-json\/wp\/v2\/pages\/46\/revisions\/846"}],"wp:attachment":[{"href":"https:\/\/nearestedge.pro\/es\/wp-json\/wp\/v2\/media?parent=46"}],"curies":[{"name":"wp","href":"https:\/\/api.w.org\/{rel}","templated":true}]}}