{"id":45,"date":"2024-10-15T12:38:33","date_gmt":"2024-10-15T12:38:33","guid":{"rendered":"https:\/\/nearestedge.pro\/?page_id=45"},"modified":"2025-05-21T09:34:28","modified_gmt":"2025-05-21T09:34:28","slug":"acerca-de-la-plataforma","status":"publish","type":"page","link":"https:\/\/nearestedge.pro\/es\/about-the-platform\/","title":{"rendered":"Acerca de la plataforma"},"content":{"rendered":"<div data-elementor-type=\"wp-page\" data-elementor-id=\"45\" class=\"elementor elementor-45\" data-elementor-post-type=\"page\">\n\t\t\t\t<div class=\"elementor-element elementor-element-af8bac5 e-flex e-con-boxed e-con e-parent\" data-id=\"af8bac5\" data-element_type=\"container\" data-e-type=\"container\">\n\t\t\t\t\t<div class=\"e-con-inner\">\n\t\t\t\t<div class=\"elementor-element elementor-element-16d988d elementor-widget elementor-widget-heading\" data-id=\"16d988d\" data-element_type=\"widget\" data-e-type=\"widget\" data-widget_type=\"heading.default\">\n\t\t\t\t\t<h1 class=\"elementor-heading-title elementor-size-default\">Acerca de Nearest Edge<\/h1>\t\t\t\t<\/div>\n\t\t\t\t\t<\/div>\n\t\t\t\t<\/div>\n\t\t<div class=\"elementor-element elementor-element-65b5e0a e-flex e-con-boxed e-con e-parent\" data-id=\"65b5e0a\" data-element_type=\"container\" data-e-type=\"container\">\n\t\t\t\t\t<div class=\"e-con-inner\">\n\t\t<div class=\"elementor-element elementor-element-da16447 e-con-full e-flex e-con e-child\" data-id=\"da16447\" data-element_type=\"container\" data-e-type=\"container\">\n\t\t\t\t<div class=\"elementor-element elementor-element-9b30192 elementor-widget elementor-widget-image\" data-id=\"9b30192\" data-element_type=\"widget\" data-e-type=\"widget\" data-widget_type=\"image.default\">\n\t\t\t\t\t\t\t\t\t\t\t\t\t\t\t<img fetchpriority=\"high\" decoding=\"async\" width=\"800\" height=\"217\" src=\"https:\/\/nearestedge.pro\/wp-content\/uploads\/2025\/04\/Artboard-1214_11zon.webp\" class=\"attachment-large size-large wp-image-752\" alt=\"\" srcset=\"https:\/\/nearestedge.pro\/wp-content\/uploads\/2025\/04\/Artboard-1214_11zon.webp 912w, https:\/\/nearestedge.pro\/wp-content\/uploads\/2025\/04\/Artboard-1214_11zon-300x81.webp 300w, https:\/\/nearestedge.pro\/wp-content\/uploads\/2025\/04\/Artboard-1214_11zon-768x208.webp 768w, https:\/\/nearestedge.pro\/wp-content\/uploads\/2025\/04\/Artboard-1214_11zon-18x5.webp 18w\" sizes=\"(max-width: 800px) 100vw, 800px\" \/>\t\t\t\t\t\t\t\t\t\t\t\t\t\t\t<\/div>\n\t\t\t\t<\/div>\n\t\t<div class=\"elementor-element elementor-element-faea31b e-con-full e-flex e-con e-child\" data-id=\"faea31b\" data-element_type=\"container\" data-e-type=\"container\">\n\t\t<div class=\"elementor-element elementor-element-5c20393 e-con-full e-flex e-con e-child\" data-id=\"5c20393\" data-element_type=\"container\" data-e-type=\"container\">\n\t\t\t\t<div class=\"elementor-element elementor-element-65c95c6 elementor-widget elementor-widget-heading\" data-id=\"65c95c6\" data-element_type=\"widget\" data-e-type=\"widget\" data-widget_type=\"heading.default\">\n\t\t\t\t\t<h2 class=\"elementor-heading-title elementor-size-default\">El comienzo de\u00a0<span style=\"color:#EB8624\">\u00bfBorde m\u00e1s cercano?<\/span><\/h2>\t\t\t\t<\/div>\n\t\t\t\t<div class=\"elementor-element elementor-element-ad9476e elementor-widget elementor-widget-text-editor\" data-id=\"ad9476e\" data-element_type=\"widget\" data-e-type=\"widget\" data-widget_type=\"text-editor.default\">\n\t\t\t\t\t\t\t\t\t<p>Na Nearest Edge, semper nos a mira nos mes komo inovad\u00f3nan den e merkado di kripto, i nos tim ta trese bo un plataforma ku ta hasi kosnan diferente for di tur e otronan.<\/p>\t\t\t\t\t\t\t\t<\/div>\n\t\t\t\t<\/div>\n\t\t<div class=\"elementor-element elementor-element-88338e7 e-con-full e-flex e-con e-child\" data-id=\"88338e7\" data-element_type=\"container\" data-e-type=\"container\">\n\t\t\t\t<div class=\"elementor-element elementor-element-71e8a9d elementor-widget elementor-widget-text-editor\" data-id=\"71e8a9d\" data-element_type=\"widget\" data-e-type=\"widget\" data-widget_type=\"text-editor.default\">\n\t\t\t\t\t\t\t\t\t<p>Comenzamos a desarrollar nuestra plataforma cuando vimos un hueco en el mercado en el que quer\u00edamos que el comercio de criptomonedas fuera accesible para todos. Adem\u00e1s de desarrollar Nearest Edge, somos entusiastas incondicionales de las criptomonedas y creemos en el valor de la tecnolog\u00eda blockchain. Alg\u00fan d\u00eda, realmente revolucionar\u00e1 el mundo y esperamos contribuir a ello.<\/p><p>Despu\u00e9s de ver el mercado y c\u00f3mo ha cambiado, creemos que el futuro del comercio de criptomonedas ocurrir\u00e1 en Internet. Estamos trabajando arduamente para asegurarnos de que las criptomonedas crezcan y se conviertan en un valor para todos.<\/p>\t\t\t\t\t\t\t\t<\/div>\n\t\t\t\t<\/div>\n\t\t\t\t<\/div>\n\t\t\t\t\t<\/div>\n\t\t\t\t<\/div>\n\t\t<div class=\"elementor-element elementor-element-94ee0c0 e-flex e-con-boxed e-con e-parent\" data-id=\"94ee0c0\" data-element_type=\"container\" data-e-type=\"container\">\n\t\t\t\t\t<div class=\"e-con-inner\">\n\t\t<div class=\"elementor-element elementor-element-78479e9 e-con-full e-flex e-con e-child\" data-id=\"78479e9\" data-element_type=\"container\" data-e-type=\"container\" data-settings=\"{&quot;background_background&quot;:&quot;classic&quot;}\">\n\t\t<div class=\"elementor-element elementor-element-343ca3b e-con-full e-flex e-con e-child\" data-id=\"343ca3b\" data-element_type=\"container\" data-e-type=\"container\">\n\t\t\t\t<div class=\"elementor-element elementor-element-21c536d elementor-widget elementor-widget-heading\" data-id=\"21c536d\" data-element_type=\"widget\" data-e-type=\"widget\" data-widget_type=\"heading.default\">\n\t\t\t\t\t<h2 class=\"elementor-heading-title elementor-size-default\">El futuro parece brillante<\/h2>\t\t\t\t<\/div>\n\t\t\t\t<div class=\"elementor-element elementor-element-c164cf1 elementor-widget elementor-widget-text-editor\" data-id=\"c164cf1\" data-element_type=\"widget\" data-e-type=\"widget\" data-widget_type=\"text-editor.default\">\n\t\t\t\t\t\t\t\t\t<p>En Nearest Edge, hemos llegado a un punto en el que el futuro parece prometedor. Podemos decir con orgullo que nuestro arduo trabajo ha dado sus frutos y vemos que a muchas personas les encanta la plataforma que desarrollamos. Nuestro equipo est\u00e1 ansioso por ver qu\u00e9 suceder\u00e1 a continuaci\u00f3n.<\/p>\t\t\t\t\t\t\t\t<\/div>\n\t\t\t\t<div class=\"elementor-element elementor-element-3ba8b45 elementor-widget elementor-widget-text-editor\" data-id=\"3ba8b45\" data-element_type=\"widget\" data-e-type=\"widget\" data-widget_type=\"text-editor.default\">\n\t\t\t\t\t\t\t\t\t<div class=\"block__line\"><div class=\"block__body\"><p>Algunos de nuestros objetivos ser\u00edan ampliar la educaci\u00f3n sobre criptomonedas para que las personas puedan realizar transacciones con un mejor conocimiento. Esto es especialmente cierto para los principiantes, ya que nos encantar\u00eda ayudarlos a tener \u00e9xito en el mundo de las criptomonedas.<\/p><p>Uno de nuestros objetivos con la plataforma es que las personas conozcan sus inversiones. Queremos que las personas tengan \u00e9xito y lo hacemos educ\u00e1ndolas sobre las oportunidades que ofrecen las criptomonedas y c\u00f3mo funcionan. Mientras educamos a las personas, buscamos mantenernos en la cima de nuestra industria.<\/p><p>Bitcoin ha ido ganando popularidad en todo el mundo y nos encantar\u00eda ser una de las empresas que contribuyan a esta revoluci\u00f3n. Esperamos convertirnos en la plataforma que todos buscan para observar el movimiento y realizar transacciones rentables.<\/p><\/div><\/div>\t\t\t\t\t\t\t\t<\/div>\n\t\t\t\t<\/div>\n\t\t<div class=\"elementor-element elementor-element-791030c e-con-full e-flex e-con e-child\" data-id=\"791030c\" data-element_type=\"container\" data-e-type=\"container\">\n\t\t\t\t<div class=\"elementor-element elementor-element-f6a8816 elementor-widget elementor-widget-image\" data-id=\"f6a8816\" data-element_type=\"widget\" data-e-type=\"widget\" data-widget_type=\"image.default\">\n\t\t\t\t\t\t\t\t\t\t\t\t\t\t\t<img decoding=\"async\" width=\"800\" height=\"534\" src=\"https:\/\/nearestedge.pro\/wp-content\/uploads\/2025\/04\/img-4_11zon-1024x683.webp\" class=\"attachment-large size-large wp-image-753\" alt=\"\" srcset=\"https:\/\/nearestedge.pro\/wp-content\/uploads\/2025\/04\/img-4_11zon-1024x683.webp 1024w, https:\/\/nearestedge.pro\/wp-content\/uploads\/2025\/04\/img-4_11zon-300x200.webp 300w, https:\/\/nearestedge.pro\/wp-content\/uploads\/2025\/04\/img-4_11zon-768x512.webp 768w, https:\/\/nearestedge.pro\/wp-content\/uploads\/2025\/04\/img-4_11zon-18x12.webp 18w, https:\/\/nearestedge.pro\/wp-content\/uploads\/2025\/04\/img-4_11zon.webp 1536w\" sizes=\"(max-width: 800px) 100vw, 800px\" \/>\t\t\t\t\t\t\t\t\t\t\t\t\t\t\t<\/div>\n\t\t\t\t<\/div>\n\t\t\t\t<\/div>\n\t\t\t\t\t<\/div>\n\t\t\t\t<\/div>\n\t\t<div class=\"elementor-element elementor-element-109cb6a e-flex e-con-boxed e-con e-parent\" data-id=\"109cb6a\" data-element_type=\"container\" data-e-type=\"container\">\n\t\t\t\t\t<div class=\"e-con-inner\">\n\t\t\t\t<div class=\"elementor-element elementor-element-c3d807a elementor-widget elementor-widget-heading\" data-id=\"c3d807a\" data-element_type=\"widget\" data-e-type=\"widget\" data-widget_type=\"heading.default\">\n\t\t\t\t\t<h2 class=\"elementor-heading-title elementor-size-default\">Nearest Edge cumple sus promesas<\/h2>\t\t\t\t<\/div>\n\t\t\t\t<div class=\"elementor-element elementor-element-719406c elementor-widget elementor-widget-text-editor\" data-id=\"719406c\" data-element_type=\"widget\" data-e-type=\"widget\" data-widget_type=\"text-editor.default\">\n\t\t\t\t\t\t\t\t\t<p>En Nearest Edge, prometemos ser transparentes, proporcionar datos precisos, ser pr\u00e1cticos y utilizar nuestra pasi\u00f3n por las criptomonedas para ofrecer una plataforma comercial incre\u00edble.<\/p>\t\t\t\t\t\t\t\t<\/div>\n\t\t\t\t<div class=\"elementor-element elementor-element-227455e elementor-widget elementor-widget-text-editor\" data-id=\"227455e\" data-element_type=\"widget\" data-e-type=\"widget\" data-widget_type=\"text-editor.default\">\n\t\t\t\t\t\t\t\t\t<div class=\"block__line\"><div class=\"block__body\"><p>Nos diferenciamos en que nos esforzamos por ofrecer lo mejor en el comercio de criptomonedas y buscamos promover un entorno de apoyo e inclusi\u00f3n que lo ayude a seguir aprendiendo sobre las criptomonedas. A diferencia de otras empresas que prometen demasiado y no cumplen sus promesas, Nearest Edge establece expectativas realistas, pero siempre intenta superar todo lo que hace.<\/p><\/div><\/div>\t\t\t\t\t\t\t\t<\/div>\n\t\t\t\t<div class=\"elementor-element elementor-element-8d868c0 elementor-align-center elementor-widget elementor-widget-button\" data-id=\"8d868c0\" data-element_type=\"widget\" data-e-type=\"widget\" data-widget_type=\"button.default\">\n\t\t\t\t\t\t\t\t\t\t<a class=\"elementor-button elementor-button-link elementor-size-sm\" href=\"https:\/\/nearestedge.pro\/es\/contacta-con-nosotras\/\">\n\t\t\t\t\t\t<span class=\"elementor-button-content-wrapper\">\n\t\t\t\t\t\t<span class=\"elementor-button-icon\">\n\t\t\t\t<svg aria-hidden=\"true\" class=\"e-font-icon-svg e-fas-arrow-up\" viewbox=\"0 0 448 512\" xmlns=\"http:\/\/www.w3.org\/2000\/svg\"><path d=\"M34.9 289.5l-22.2-22.2c-9.4-9.4-9.4-24.6 0-33.9L207 39c9.4-9.4 24.6-9.4 33.9 0l194.3 194.3c9.4 9.4 9.4 24.6 0 33.9L413 289.4c-9.5 9.5-25 9.3-34.3-.4L264 168.6V456c0 13.3-10.7 24-24 24h-32c-13.3 0-24-10.7-24-24V168.6L69.2 289.1c-9.3 9.8-24.8 10-34.3.4z\"><\/path><\/svg>\t\t\t<\/span>\n\t\t\t\t\t\t\t\t\t<span class=\"elementor-button-text\">Contacta con nosotras <\/span>\n\t\t\t\t\t<\/span>\n\t\t\t\t\t<\/a>\n\t\t\t\t\t\t\t\t<\/div>\n\t\t\t\t<div class=\"elementor-element elementor-element-8a020a9 elementor-widget elementor-widget-spacer\" data-id=\"8a020a9\" data-element_type=\"widget\" data-e-type=\"widget\" data-widget_type=\"spacer.default\">\n\t\t\t\t\t\t\t<div class=\"elementor-spacer\">\n\t\t\t<div class=\"elementor-spacer-inner\"><\/div>\n\t\t<\/div>\n\t\t\t\t\t\t<\/div>\n\t\t\t\t\t<\/div>\n\t\t\t\t<\/div>\n\t\t\t\t<\/div>","protected":false},"excerpt":{"rendered":"<p>About Nearest Edge The Beginning of\u00a0Nearest Edge? At Nearest Edge, we\u2019ve always seen ourselves as innovators in the crypto market, and our team brings you a platform that does things differently from all the others. We first started building our platform when we saw a gap in the market where we wanted to make crypto [&hellip;]<\/p>\n","protected":false},"author":1,"featured_media":0,"parent":0,"menu_order":0,"comment_status":"closed","ping_status":"closed","template":"elementor_header_footer","meta":{"footnotes":""},"class_list":["post-45","page","type-page","status-publish","hentry"],"_links":{"self":[{"href":"https:\/\/nearestedge.pro\/es\/wp-json\/wp\/v2\/pages\/45","targetHints":{"allow":["GET"]}}],"collection":[{"href":"https:\/\/nearestedge.pro\/es\/wp-json\/wp\/v2\/pages"}],"about":[{"href":"https:\/\/nearestedge.pro\/es\/wp-json\/wp\/v2\/types\/page"}],"author":[{"embeddable":true,"href":"https:\/\/nearestedge.pro\/es\/wp-json\/wp\/v2\/users\/1"}],"replies":[{"embeddable":true,"href":"https:\/\/nearestedge.pro\/es\/wp-json\/wp\/v2\/comments?post=45"}],"version-history":[{"count":73,"href":"https:\/\/nearestedge.pro\/es\/wp-json\/wp\/v2\/pages\/45\/revisions"}],"predecessor-version":[{"id":777,"href":"https:\/\/nearestedge.pro\/es\/wp-json\/wp\/v2\/pages\/45\/revisions\/777"}],"wp:attachment":[{"href":"https:\/\/nearestedge.pro\/es\/wp-json\/wp\/v2\/media?parent=45"}],"curies":[{"name":"wp","href":"https:\/\/api.w.org\/{rel}","templated":true}]}}