{"id":45,"date":"2024-10-15T12:38:33","date_gmt":"2024-10-15T12:38:33","guid":{"rendered":"https:\/\/nearestedge.pro\/?page_id=45"},"modified":"2025-05-21T09:34:28","modified_gmt":"2025-05-21T09:34:28","slug":"uber-die-plattform","status":"publish","type":"page","link":"https:\/\/nearestedge.pro\/de\/about-the-platform\/","title":{"rendered":"\u00dcber die Plattform"},"content":{"rendered":"<div data-elementor-type=\"wp-page\" data-elementor-id=\"45\" class=\"elementor elementor-45\" data-elementor-post-type=\"page\">\n\t\t\t\t<div class=\"elementor-element elementor-element-af8bac5 e-flex e-con-boxed e-con e-parent\" data-id=\"af8bac5\" data-element_type=\"container\" data-e-type=\"container\">\n\t\t\t\t\t<div class=\"e-con-inner\">\n\t\t\t\t<div class=\"elementor-element elementor-element-16d988d elementor-widget elementor-widget-heading\" data-id=\"16d988d\" data-element_type=\"widget\" data-e-type=\"widget\" data-widget_type=\"heading.default\">\n\t\t\t\t\t<h1 class=\"elementor-heading-title elementor-size-default\">\u00dcber Nearest Edge<\/h1>\t\t\t\t<\/div>\n\t\t\t\t\t<\/div>\n\t\t\t\t<\/div>\n\t\t<div class=\"elementor-element elementor-element-65b5e0a e-flex e-con-boxed e-con e-parent\" data-id=\"65b5e0a\" data-element_type=\"container\" data-e-type=\"container\">\n\t\t\t\t\t<div class=\"e-con-inner\">\n\t\t<div class=\"elementor-element elementor-element-da16447 e-con-full e-flex e-con e-child\" data-id=\"da16447\" data-element_type=\"container\" data-e-type=\"container\">\n\t\t\t\t<div class=\"elementor-element elementor-element-9b30192 elementor-widget elementor-widget-image\" data-id=\"9b30192\" data-element_type=\"widget\" data-e-type=\"widget\" data-widget_type=\"image.default\">\n\t\t\t\t\t\t\t\t\t\t\t\t\t\t\t<img fetchpriority=\"high\" decoding=\"async\" width=\"800\" height=\"217\" src=\"https:\/\/nearestedge.pro\/wp-content\/uploads\/2025\/04\/Artboard-1214_11zon.webp\" class=\"attachment-large size-large wp-image-752\" alt=\"\" srcset=\"https:\/\/nearestedge.pro\/wp-content\/uploads\/2025\/04\/Artboard-1214_11zon.webp 912w, https:\/\/nearestedge.pro\/wp-content\/uploads\/2025\/04\/Artboard-1214_11zon-300x81.webp 300w, https:\/\/nearestedge.pro\/wp-content\/uploads\/2025\/04\/Artboard-1214_11zon-768x208.webp 768w, https:\/\/nearestedge.pro\/wp-content\/uploads\/2025\/04\/Artboard-1214_11zon-18x5.webp 18w\" sizes=\"(max-width: 800px) 100vw, 800px\" \/>\t\t\t\t\t\t\t\t\t\t\t\t\t\t\t<\/div>\n\t\t\t\t<\/div>\n\t\t<div class=\"elementor-element elementor-element-faea31b e-con-full e-flex e-con e-child\" data-id=\"faea31b\" data-element_type=\"container\" data-e-type=\"container\">\n\t\t<div class=\"elementor-element elementor-element-5c20393 e-con-full e-flex e-con e-child\" data-id=\"5c20393\" data-element_type=\"container\" data-e-type=\"container\">\n\t\t\t\t<div class=\"elementor-element elementor-element-65c95c6 elementor-widget elementor-widget-heading\" data-id=\"65c95c6\" data-element_type=\"widget\" data-e-type=\"widget\" data-widget_type=\"heading.default\">\n\t\t\t\t\t<h2 class=\"elementor-heading-title elementor-size-default\">Der Beginn von\u00a0<span style=\"color:#EB8624\">N\u00e4chste Kante?<\/span><\/h2>\t\t\t\t<\/div>\n\t\t\t\t<div class=\"elementor-element elementor-element-ad9476e elementor-widget elementor-widget-text-editor\" data-id=\"ad9476e\" data-element_type=\"widget\" data-e-type=\"widget\" data-widget_type=\"text-editor.default\">\n\t\t\t\t\t\t\t\t\t<p>Bei Nearest Edge haben wir uns immer als Innovatoren auf dem Kryptomarkt gesehen und unser Team bietet Ihnen eine Plattform, die die Dinge anders macht als alle anderen.<\/p>\t\t\t\t\t\t\t\t<\/div>\n\t\t\t\t<\/div>\n\t\t<div class=\"elementor-element elementor-element-88338e7 e-con-full e-flex e-con e-child\" data-id=\"88338e7\" data-element_type=\"container\" data-e-type=\"container\">\n\t\t\t\t<div class=\"elementor-element elementor-element-71e8a9d elementor-widget elementor-widget-text-editor\" data-id=\"71e8a9d\" data-element_type=\"widget\" data-e-type=\"widget\" data-widget_type=\"text-editor.default\">\n\t\t\t\t\t\t\t\t\t<p>Wir haben mit dem Aufbau unserer Plattform begonnen, als wir eine Marktl\u00fccke sahen, in der wir den Krypto-Handel f\u00fcr jedermann zug\u00e4nglich machen wollten. Neben der Entwicklung von Nearest Edge sind wir eingefleischte Krypto-Enthusiasten und glauben an den Wert der Blockchain-Technologie. Eines Tages wird sie die Welt wirklich revolutionieren, und wir hoffen, dazu beitragen zu k\u00f6nnen.<\/p><p>Nachdem wir den Markt und seine Ver\u00e4nderungen beobachtet haben, glauben wir, dass die Zukunft des Kryptohandels im Internet stattfinden wird. Wir arbeiten hart daran, sicherzustellen, dass Krypto w\u00e4chst und f\u00fcr alle von Wert wird.<\/p>\t\t\t\t\t\t\t\t<\/div>\n\t\t\t\t<\/div>\n\t\t\t\t<\/div>\n\t\t\t\t\t<\/div>\n\t\t\t\t<\/div>\n\t\t<div class=\"elementor-element elementor-element-94ee0c0 e-flex e-con-boxed e-con e-parent\" data-id=\"94ee0c0\" data-element_type=\"container\" data-e-type=\"container\">\n\t\t\t\t\t<div class=\"e-con-inner\">\n\t\t<div class=\"elementor-element elementor-element-78479e9 e-con-full e-flex e-con e-child\" data-id=\"78479e9\" data-element_type=\"container\" data-e-type=\"container\" data-settings=\"{&quot;background_background&quot;:&quot;classic&quot;}\">\n\t\t<div class=\"elementor-element elementor-element-343ca3b e-con-full e-flex e-con e-child\" data-id=\"343ca3b\" data-element_type=\"container\" data-e-type=\"container\">\n\t\t\t\t<div class=\"elementor-element elementor-element-21c536d elementor-widget elementor-widget-heading\" data-id=\"21c536d\" data-element_type=\"widget\" data-e-type=\"widget\" data-widget_type=\"heading.default\">\n\t\t\t\t\t<h2 class=\"elementor-heading-title elementor-size-default\">Die Zukunft sieht rosig aus<\/h2>\t\t\t\t<\/div>\n\t\t\t\t<div class=\"elementor-element elementor-element-c164cf1 elementor-widget elementor-widget-text-editor\" data-id=\"c164cf1\" data-element_type=\"widget\" data-e-type=\"widget\" data-widget_type=\"text-editor.default\">\n\t\t\t\t\t\t\t\t\t<p>Bei Nearest Edge haben wir jetzt einen Punkt erreicht, an dem die Zukunft rosig aussieht. Wir k\u00f6nnen stolz sagen, dass sich unsere harte Arbeit gelohnt hat, und wir sehen, dass viele Leute die von uns entwickelte Plattform lieben. Unser Team kann es kaum erwarten, zu sehen, was als N\u00e4chstes passieren wird.<\/p>\t\t\t\t\t\t\t\t<\/div>\n\t\t\t\t<div class=\"elementor-element elementor-element-3ba8b45 elementor-widget elementor-widget-text-editor\" data-id=\"3ba8b45\" data-element_type=\"widget\" data-e-type=\"widget\" data-widget_type=\"text-editor.default\">\n\t\t\t\t\t\t\t\t\t<div class=\"block__line\"><div class=\"block__body\"><p>Zu unseren Zielen geh\u00f6rt es, die Aufkl\u00e4rung \u00fcber Kryptow\u00e4hrungen zu erweitern, damit die Menschen mit besserem Wissen handeln k\u00f6nnen. Dies gilt insbesondere f\u00fcr Anf\u00e4nger, denen wir gerne dabei helfen m\u00f6chten, mit Kryptow\u00e4hrungen erfolgreich zu sein.<\/p><p>Eines unserer Ziele mit der Plattform ist es, Menschen \u00fcber ihre Investitionen aufzukl\u00e4ren. Wir m\u00f6chten, dass die Menschen Erfolg haben, und das erreichen wir, indem wir sie \u00fcber ihre M\u00f6glichkeiten mit Kryptow\u00e4hrungen und deren Funktionsweise aufkl\u00e4ren. W\u00e4hrend wir die Menschen aufkl\u00e4ren, wollen wir an der Spitze unserer Branche bleiben.<\/p><p>Bitcoin erfreut sich weltweit wachsender Beliebtheit und wir w\u00fcrden gerne zu den Unternehmen geh\u00f6ren, die zu dieser Revolution beitragen. Wir hoffen, die Plattform zu werden, auf der jeder die Bewegung verfolgen und gewinnbringende Gesch\u00e4fte machen m\u00f6chte.<\/p><\/div><\/div>\t\t\t\t\t\t\t\t<\/div>\n\t\t\t\t<\/div>\n\t\t<div class=\"elementor-element elementor-element-791030c e-con-full e-flex e-con e-child\" data-id=\"791030c\" data-element_type=\"container\" data-e-type=\"container\">\n\t\t\t\t<div class=\"elementor-element elementor-element-f6a8816 elementor-widget elementor-widget-image\" data-id=\"f6a8816\" data-element_type=\"widget\" data-e-type=\"widget\" data-widget_type=\"image.default\">\n\t\t\t\t\t\t\t\t\t\t\t\t\t\t\t<img decoding=\"async\" width=\"800\" height=\"534\" src=\"https:\/\/nearestedge.pro\/wp-content\/uploads\/2025\/04\/img-4_11zon-1024x683.webp\" class=\"attachment-large size-large wp-image-753\" alt=\"\" srcset=\"https:\/\/nearestedge.pro\/wp-content\/uploads\/2025\/04\/img-4_11zon-1024x683.webp 1024w, https:\/\/nearestedge.pro\/wp-content\/uploads\/2025\/04\/img-4_11zon-300x200.webp 300w, https:\/\/nearestedge.pro\/wp-content\/uploads\/2025\/04\/img-4_11zon-768x512.webp 768w, https:\/\/nearestedge.pro\/wp-content\/uploads\/2025\/04\/img-4_11zon-18x12.webp 18w, https:\/\/nearestedge.pro\/wp-content\/uploads\/2025\/04\/img-4_11zon.webp 1536w\" sizes=\"(max-width: 800px) 100vw, 800px\" \/>\t\t\t\t\t\t\t\t\t\t\t\t\t\t\t<\/div>\n\t\t\t\t<\/div>\n\t\t\t\t<\/div>\n\t\t\t\t\t<\/div>\n\t\t\t\t<\/div>\n\t\t<div class=\"elementor-element elementor-element-109cb6a e-flex e-con-boxed e-con e-parent\" data-id=\"109cb6a\" data-element_type=\"container\" data-e-type=\"container\">\n\t\t\t\t\t<div class=\"e-con-inner\">\n\t\t\t\t<div class=\"elementor-element elementor-element-c3d807a elementor-widget elementor-widget-heading\" data-id=\"c3d807a\" data-element_type=\"widget\" data-e-type=\"widget\" data-widget_type=\"heading.default\">\n\t\t\t\t\t<h2 class=\"elementor-heading-title elementor-size-default\">Nearest Edge h\u00e4lt, was es verspricht<\/h2>\t\t\t\t<\/div>\n\t\t\t\t<div class=\"elementor-element elementor-element-719406c elementor-widget elementor-widget-text-editor\" data-id=\"719406c\" data-element_type=\"widget\" data-e-type=\"widget\" data-widget_type=\"text-editor.default\">\n\t\t\t\t\t\t\t\t\t<p>Bei Nearest Edge versprechen wir, transparent zu bleiben, genaue Daten bereitzustellen, praktisch zu bleiben und unsere Leidenschaft f\u00fcr Kryptow\u00e4hrungen zu nutzen, um eine gro\u00dfartige Handelsplattform bereitzustellen.<\/p>\t\t\t\t\t\t\t\t<\/div>\n\t\t\t\t<div class=\"elementor-element elementor-element-227455e elementor-widget elementor-widget-text-editor\" data-id=\"227455e\" data-element_type=\"widget\" data-e-type=\"widget\" data-widget_type=\"text-editor.default\">\n\t\t\t\t\t\t\t\t\t<div class=\"block__line\"><div class=\"block__body\"><p>Wir unterscheiden uns dadurch, dass wir danach streben, das Beste im Krypto-Handel anzubieten, und wir versuchen, eine unterst\u00fctzende und integrative Umgebung zu f\u00f6rdern, die Ihnen hilft, weiterhin etwas \u00fcber Kryptow\u00e4hrungen zu lernen. Im Gegensatz zu anderen Unternehmen, die zu viel versprechen und ihre Versprechen nicht einhalten, setzt Nearest Edge realistische Erwartungen, versucht aber immer, bei allem, was sie tun, mehr zu leisten.<\/p><\/div><\/div>\t\t\t\t\t\t\t\t<\/div>\n\t\t\t\t<div class=\"elementor-element elementor-element-8d868c0 elementor-align-center elementor-widget elementor-widget-button\" data-id=\"8d868c0\" data-element_type=\"widget\" data-e-type=\"widget\" data-widget_type=\"button.default\">\n\t\t\t\t\t\t\t\t\t\t<a class=\"elementor-button elementor-button-link elementor-size-sm\" href=\"https:\/\/nearestedge.pro\/de\/kontaktieren-sie-uns\/\">\n\t\t\t\t\t\t<span class=\"elementor-button-content-wrapper\">\n\t\t\t\t\t\t<span class=\"elementor-button-icon\">\n\t\t\t\t<svg aria-hidden=\"true\" class=\"e-font-icon-svg e-fas-arrow-up\" viewbox=\"0 0 448 512\" xmlns=\"http:\/\/www.w3.org\/2000\/svg\"><path d=\"M34.9 289.5l-22.2-22.2c-9.4-9.4-9.4-24.6 0-33.9L207 39c9.4-9.4 24.6-9.4 33.9 0l194.3 194.3c9.4 9.4 9.4 24.6 0 33.9L413 289.4c-9.5 9.5-25 9.3-34.3-.4L264 168.6V456c0 13.3-10.7 24-24 24h-32c-13.3 0-24-10.7-24-24V168.6L69.2 289.1c-9.3 9.8-24.8 10-34.3.4z\"><\/path><\/svg>\t\t\t<\/span>\n\t\t\t\t\t\t\t\t\t<span class=\"elementor-button-text\">Kontaktieren Sie uns <\/span>\n\t\t\t\t\t<\/span>\n\t\t\t\t\t<\/a>\n\t\t\t\t\t\t\t\t<\/div>\n\t\t\t\t<div class=\"elementor-element elementor-element-8a020a9 elementor-widget elementor-widget-spacer\" data-id=\"8a020a9\" data-element_type=\"widget\" data-e-type=\"widget\" data-widget_type=\"spacer.default\">\n\t\t\t\t\t\t\t<div class=\"elementor-spacer\">\n\t\t\t<div class=\"elementor-spacer-inner\"><\/div>\n\t\t<\/div>\n\t\t\t\t\t\t<\/div>\n\t\t\t\t\t<\/div>\n\t\t\t\t<\/div>\n\t\t\t\t<\/div>","protected":false},"excerpt":{"rendered":"<p>About Nearest Edge The Beginning of\u00a0Nearest Edge? At Nearest Edge, we\u2019ve always seen ourselves as innovators in the crypto market, and our team brings you a platform that does things differently from all the others. We first started building our platform when we saw a gap in the market where we wanted to make crypto [&hellip;]<\/p>\n","protected":false},"author":1,"featured_media":0,"parent":0,"menu_order":0,"comment_status":"closed","ping_status":"closed","template":"elementor_header_footer","meta":{"footnotes":""},"class_list":["post-45","page","type-page","status-publish","hentry"],"_links":{"self":[{"href":"https:\/\/nearestedge.pro\/de\/wp-json\/wp\/v2\/pages\/45","targetHints":{"allow":["GET"]}}],"collection":[{"href":"https:\/\/nearestedge.pro\/de\/wp-json\/wp\/v2\/pages"}],"about":[{"href":"https:\/\/nearestedge.pro\/de\/wp-json\/wp\/v2\/types\/page"}],"author":[{"embeddable":true,"href":"https:\/\/nearestedge.pro\/de\/wp-json\/wp\/v2\/users\/1"}],"replies":[{"embeddable":true,"href":"https:\/\/nearestedge.pro\/de\/wp-json\/wp\/v2\/comments?post=45"}],"version-history":[{"count":73,"href":"https:\/\/nearestedge.pro\/de\/wp-json\/wp\/v2\/pages\/45\/revisions"}],"predecessor-version":[{"id":777,"href":"https:\/\/nearestedge.pro\/de\/wp-json\/wp\/v2\/pages\/45\/revisions\/777"}],"wp:attachment":[{"href":"https:\/\/nearestedge.pro\/de\/wp-json\/wp\/v2\/media?parent=45"}],"curies":[{"name":"wp","href":"https:\/\/api.w.org\/{rel}","templated":true}]}}