{"id":176,"date":"2024-10-16T08:01:02","date_gmt":"2024-10-16T08:01:02","guid":{"rendered":"https:\/\/nearestedge.pro\/?page_id=176"},"modified":"2025-11-03T09:48:08","modified_gmt":"2025-11-03T09:48:08","slug":"danke","status":"publish","type":"page","link":"https:\/\/nearestedge.pro\/de\/thank-you\/","title":{"rendered":"Danke"},"content":{"rendered":"<div data-elementor-type=\"wp-page\" data-elementor-id=\"176\" class=\"elementor elementor-176\" data-elementor-post-type=\"page\">\n\t\t\t\t<div class=\"elementor-element elementor-element-9f1be25 e-flex e-con-boxed e-con e-parent\" data-id=\"9f1be25\" data-element_type=\"container\" data-e-type=\"container\" data-settings=\"{&quot;background_background&quot;:&quot;video&quot;,&quot;background_video_link&quot;:&quot;https:\\\/\\\/nearestedge.pro\\\/wp-content\\\/uploads\\\/2024\\\/10\\\/video-new-1.mp4&quot;,&quot;background_play_on_mobile&quot;:&quot;yes&quot;}\">\n\t\t\t\t\t<div class=\"e-con-inner\">\n\t\t<div class=\"elementor-background-video-container\">\n\t\t\t\t\t\t\t<video class=\"elementor-background-video-hosted\" role=\"presentation\" autoplay muted playsinline loop><\/video>\n\t\t\t\t\t<\/div>\t\t<div class=\"elementor-element elementor-element-563d6ef elementor-widget elementor-widget-heading\" data-id=\"563d6ef\" data-element_type=\"widget\" data-e-type=\"widget\" data-widget_type=\"heading.default\">\n\t\t\t\t\t<h1 class=\"elementor-heading-title elementor-size-default\">Vielen Dank f\u00fcr Ihre Anmeldung!\n<\/h1>\t\t\t\t<\/div>\n\t\t\t\t<div class=\"elementor-element elementor-element-ebd5cc4 elementor-widget__width-initial elementor-widget-mobile__width-initial elementor-widget elementor-widget-text-editor\" data-id=\"ebd5cc4\" data-element_type=\"widget\" data-e-type=\"widget\" data-widget_type=\"text-editor.default\">\n\t\t\t\t\t\t\t\t\t<p>Wir freuen uns, Sie begr\u00fc\u00dfen zu d\u00fcrfen! Damit wir Ihnen den bestm\u00f6glichen Service bieten k\u00f6nnen, halten Sie bitte Ihr Telefon f\u00fcr einen Anruf bereit. M\u00f6glicherweise m\u00fcssen wir Sie kontaktieren, um weitere Informationen zu erhalten oder Ihre Registrierungsdetails zu besprechen.<\/p><p>Seien Sie versichert, wir werden uns bald mit Ihnen in Verbindung setzen, um alle Ihre Fragen oder Bedenken zu beantworten. Wir sch\u00e4tzen Ihre Teilnahme und sind bestrebt, Ihre Erfahrung mit uns hervorragend zu machen.<\/p><p>Nochmals vielen Dank f\u00fcr Ihre Registrierung und wir freuen uns darauf, bald mit Ihnen zu sprechen!<\/p>\t\t\t\t\t\t\t\t<\/div>\n\t\t\t\t<div class=\"elementor-element elementor-element-b1fb043 elementor-widget elementor-widget-button\" data-id=\"b1fb043\" data-element_type=\"widget\" data-e-type=\"widget\" data-widget_type=\"button.default\">\n\t\t\t\t\t\t\t\t\t\t<a class=\"elementor-button elementor-button-link elementor-size-sm\" href=\"https:\/\/nearestedge.pro\/de\">\n\t\t\t\t\t\t<span class=\"elementor-button-content-wrapper\">\n\t\t\t\t\t\t<span class=\"elementor-button-icon\">\n\t\t\t\t<svg aria-hidden=\"true\" class=\"e-font-icon-svg e-fas-arrow-up\" viewbox=\"0 0 448 512\" xmlns=\"http:\/\/www.w3.org\/2000\/svg\"><path d=\"M34.9 289.5l-22.2-22.2c-9.4-9.4-9.4-24.6 0-33.9L207 39c9.4-9.4 24.6-9.4 33.9 0l194.3 194.3c9.4 9.4 9.4 24.6 0 33.9L413 289.4c-9.5 9.5-25 9.3-34.3-.4L264 168.6V456c0 13.3-10.7 24-24 24h-32c-13.3 0-24-10.7-24-24V168.6L69.2 289.1c-9.3 9.8-24.8 10-34.3.4z\"><\/path><\/svg>\t\t\t<\/span>\n\t\t\t\t\t\t\t\t\t<span class=\"elementor-button-text\">Geh zur\u00fcck nach Hause<\/span>\n\t\t\t\t\t<\/span>\n\t\t\t\t\t<\/a>\n\t\t\t\t\t\t\t\t<\/div>\n\t\t\t\t\t<\/div>\n\t\t\t\t<\/div>\n\t\t\t\t<\/div>","protected":false},"excerpt":{"rendered":"<p>Thank you for your registration! We\u2019re thrilled to welcome you! To ensure we provide the best service, please keep your phone available for a call. We may need to contact you for additional information or to discuss your registration details. Rest assured, we\u2019ll reach out soon to connect and address any questions or concerns you [&hellip;]<\/p>\n","protected":false},"author":1,"featured_media":0,"parent":0,"menu_order":0,"comment_status":"closed","ping_status":"closed","template":"elementor_header_footer","meta":{"footnotes":""},"class_list":["post-176","page","type-page","status-publish","hentry"],"_links":{"self":[{"href":"https:\/\/nearestedge.pro\/de\/wp-json\/wp\/v2\/pages\/176","targetHints":{"allow":["GET"]}}],"collection":[{"href":"https:\/\/nearestedge.pro\/de\/wp-json\/wp\/v2\/pages"}],"about":[{"href":"https:\/\/nearestedge.pro\/de\/wp-json\/wp\/v2\/types\/page"}],"author":[{"embeddable":true,"href":"https:\/\/nearestedge.pro\/de\/wp-json\/wp\/v2\/users\/1"}],"replies":[{"embeddable":true,"href":"https:\/\/nearestedge.pro\/de\/wp-json\/wp\/v2\/comments?post=176"}],"version-history":[{"count":16,"href":"https:\/\/nearestedge.pro\/de\/wp-json\/wp\/v2\/pages\/176\/revisions"}],"predecessor-version":[{"id":881,"href":"https:\/\/nearestedge.pro\/de\/wp-json\/wp\/v2\/pages\/176\/revisions\/881"}],"wp:attachment":[{"href":"https:\/\/nearestedge.pro\/de\/wp-json\/wp\/v2\/media?parent=176"}],"curies":[{"name":"wp","href":"https:\/\/api.w.org\/{rel}","templated":true}]}}